{"id":502,"date":"2017-10-03T17:51:00","date_gmt":"2017-10-03T15:51:00","guid":{"rendered":"https:\/\/keratoconuscenter.eu\/?page_id=502"},"modified":"2019-03-27T21:25:40","modified_gmt":"2019-03-27T20:25:40","slug":"was-ist-keratokonus","status":"publish","type":"page","link":"https:\/\/keratoconuscenter.eu\/de\/was-ist-keratokonus\/","title":{"rendered":"WAS IST"},"content":{"rendered":"<p>Keratokonus (KC) ist eine progressive, nichtentz\u00fcndliche, degenerative Hornhautkrankheit, die ein oder beide Augen betreffen kann. Sie ist erblich bedingt und betrifft in der Regel junge Menschen auf dem H\u00f6hepunkt ihrer aktiven Jahre. Eine von 500 Personen ist davon betroffen.<\/p>\n<p><img loading=\"lazy\" decoding=\"async\" class=\"aligncenter size-full wp-image-634\" src=\"https:\/\/keratoconuscenter.eu\/wp-content\/uploads\/2018\/01\/keratoconus.gif\" alt=\"WAS IST KERATOKONUS\" width=\"220\" height=\"162\" \/><\/p>\n<p>Die Hornhaut ist eine Masse aus transparentem Gewebe, das die Vorderseite des Auges bildet; Durch sie k\u00f6nnen wir die Iris und die Pupille sehen.<\/p>\n<figure id=\"attachment_333\" aria-describedby=\"caption-attachment-333\" style=\"width: 300px\" class=\"wp-caption aligncenter\"><img loading=\"lazy\" decoding=\"async\" class=\"wp-image-333 size-full\" src=\"https:\/\/keratoconuscenter.eu\/wp-content\/uploads\/2015\/07\/cornea-300x175.jpg\" alt=\"WAS IST KERATOKONUS 2\" width=\"300\" height=\"175\" \/><figcaption id=\"caption-attachment-333\" class=\"wp-caption-text\">Hornhaut mit normaler Kr\u00fcmmung<\/figcaption><\/figure>\n<p class=\"p1\">Keratokonus kann zu einem beeintr\u00e4chtigten Sehverm\u00f6gen und sogar zu ernsthaften Sch\u00e4den f\u00fchren, wenn die Krankheit in ein Stadium der Erweiterung und Ausd\u00fcnnung der Hornhaut gelangt, die dann ihre normale sph\u00e4rische Form verliert und kegelf\u00f6rmig wird.<\/p>\n<h2 class=\"p1\">Ursachen von Keratokonus<\/h2>\n<p>Bisher sind die Ursachen von Keratokonus noch unbekannt. Mehrere Forscher gehen von einer genetischen Pr\u00e4disposition aus, da beobachtet wird, dass etwa 15 % der Betroffenen von Keratokonus mindestens ein Familienmitglied mit derselben Krankheit haben.<\/p>\n<p>Einige Studien haben sich auf das Ungleichgewicht der Enzymaktivit\u00e4t innerhalb der Hornhaut konzentriert, die anf\u00e4lliger f\u00fcr oxidative Sch\u00e4den macht, die durch freie Radikale ausge\u00fcbt werden. Diese Anf\u00e4lligkeit k\u00f6nnte zu einer Schw\u00e4che im Hornhautgewebe f\u00fchren, was eine Verd\u00fcnnung und eine geringere biomechanische Widerstandsf\u00e4higkeit verursachen k\u00f6nnte.<\/p>\n<p>Auch Mikrotraumata, die durch Kontaktlinsen und Augenreiben verursacht werden, werden unter den Faktoren angegeben.<\/p>\n<h2>Wann entwickelt sich Keratokonus?<\/h2>\n<p><img loading=\"lazy\" decoding=\"async\" class=\"aligncenter size-full wp-image-640\" src=\"https:\/\/keratoconuscenter.eu\/wp-content\/uploads\/2018\/01\/Keratokonus.jpg\" alt=\"Keratokonus\" width=\"350\" height=\"235\" srcset=\"https:\/\/keratoconuscenter.eu\/wp-content\/uploads\/2018\/01\/Keratokonus.jpg 350w, https:\/\/keratoconuscenter.eu\/wp-content\/uploads\/2018\/01\/Keratokonus-300x201.jpg 300w\" sizes=\"auto, (max-width: 350px) 100vw, 350px\" \/><\/p>\n<p>Keratokonus tritt in der Adoleszenz mit etwa 14 Jahren auf, obwohl ein Beginn in der Kindheit nicht ungew\u00f6hnlich ist. Normalerweise ist zun\u00e4chst nur ein Auge betroffen, nach ein paar Jahren breitet es sich auch auf das andere aus. Formen von Keratokonus, die nur ein Auge betreffen, sind sehr selten. Die Evolution ist recht variabel und unvorhersehbar, sie kann sich spontan verlangsamen, aber sie h\u00f6rt nie ganz auf. Leider ist es keine seltene Krankheit, da wir einen neuen Fall pro 500 Personen pro Jahr bei der Betrachtung der topographischen Formen der Krankheit beobachten, mit einer leichten \u00dcberzahl von M\u00e4nnern.<\/p>\n<h2>Keratokonus und Schwangerschaft<\/h2>\n<p style=\"text-align: left;\"><small>Dieser Fallbericht wurde am 24. Juni 2011 in der Zeitschrift \u201eCornea\u201c ver\u00f6ffentlicht.<\/small><\/p>\n<p><img loading=\"lazy\" decoding=\"async\" class=\"aligncenter wp-image-337 size-full\" src=\"https:\/\/keratoconuscenter.eu\/wp-content\/uploads\/2015\/07\/kc-and-pregnancy.jpg\" alt=\"WAS IST KERATOKONUS 4\" width=\"230\" height=\"153\" \/><\/p>\n<p>Es ist bekannt, dass die Schwangerschaft Ver\u00e4nderungen im Hormonspiegel hervorruft. Manchmal k\u00f6nnen diese hormonellen Ver\u00e4nderungen die Augen und auch Patienten mit Keratokonus beeintr\u00e4chtigen.<\/p>\n<p>T\u00fcrkische Augenspezialisten haben bei vier F\u00e4llen von schwangeren Frauen mit Keratokonus festgestellt, dass diese Anzeichen einer Ver\u00e4nderung der Sehsch\u00e4rfe und Hornhautkr\u00fcmmung zeigten.<\/p>\n<p>Diese Frauen hatten keine anderen Krankheiten oder Risikofaktoren f\u00fcr Keratokonus, so dass die Forscher zu dem Schluss gelangten, dass \u201edie hormonellen Ver\u00e4nderungen w\u00e4hrend der Schwangerschaftsperiode die Hornhaut-Biomechanik negativ beeinflussen k\u00f6nnen und die Schwangerschaft ein bisher nicht erkannter Risikofaktor f\u00fcr die Progression von Keratokonus sein k\u00f6nnte. Nach unserem besten Wissen ist dies derzeit die erste Studie, die eine Progression von Keratokonus zeigt, die durch die Schwangerschaft bei Patienten in Abwesenheit anderer korrelierter Erkrankungen induziert wird.\u201c<\/p>\n","protected":false},"excerpt":{"rendered":"<p>Keratokonus (KC) ist eine progressive, nichtentz\u00fcndliche, degenerative Hornhautkrankheit, die ein oder beide Augen betreffen kann. Sie ist erblich bedingt und betrifft in der Regel junge Menschen auf dem H\u00f6hepunkt ihrer aktiven Jahre. Eine von 500 Personen ist davon betroffen. Die Hornhaut ist eine Masse aus transparentem Gewebe, das die Vorderseite des Auges bildet; Durch sie [&hellip;]<\/p>\n","protected":false},"author":2,"featured_media":544,"parent":0,"menu_order":0,"comment_status":"closed","ping_status":"closed","template":"","meta":{"_joinchat":[],"footnotes":""},"class_list":["post-502","page","type-page","status-publish","has-post-thumbnail","hentry"],"_links":{"self":[{"href":"https:\/\/keratoconuscenter.eu\/de\/wp-json\/wp\/v2\/pages\/502","targetHints":{"allow":["GET"]}}],"collection":[{"href":"https:\/\/keratoconuscenter.eu\/de\/wp-json\/wp\/v2\/pages"}],"about":[{"href":"https:\/\/keratoconuscenter.eu\/de\/wp-json\/wp\/v2\/types\/page"}],"author":[{"embeddable":true,"href":"https:\/\/keratoconuscenter.eu\/de\/wp-json\/wp\/v2\/users\/2"}],"replies":[{"embeddable":true,"href":"https:\/\/keratoconuscenter.eu\/de\/wp-json\/wp\/v2\/comments?post=502"}],"version-history":[{"count":0,"href":"https:\/\/keratoconuscenter.eu\/de\/wp-json\/wp\/v2\/pages\/502\/revisions"}],"wp:featuredmedia":[{"embeddable":true,"href":"https:\/\/keratoconuscenter.eu\/de\/wp-json\/wp\/v2\/media\/544"}],"wp:attachment":[{"href":"https:\/\/keratoconuscenter.eu\/de\/wp-json\/wp\/v2\/media?parent=502"}],"curies":[{"name":"wp","href":"https:\/\/api.w.org\/{rel}","templated":true}]}}