{"id":504,"date":"2017-10-03T17:48:20","date_gmt":"2017-10-03T15:48:20","guid":{"rendered":"https:\/\/keratoconuscenter.eu\/?page_id=504"},"modified":"2019-03-27T20:39:46","modified_gmt":"2019-03-27T19:39:46","slug":"diagnostik-und-therapie","status":"publish","type":"page","link":"https:\/\/keratoconuscenter.eu\/de\/diagnostik-und-therapie\/","title":{"rendered":"DIAGNOSTIK UND THERAPIE"},"content":{"rendered":"<p>Wie wir hier bereits gesehen haben, kann <strong>Keratokonus<\/strong> evtl. zu schweren Augensch\u00e4den f\u00fchren. Es ist erblich bedingt und betrifft in der Regeljunge Menschen auf dem H\u00f6hepunkt ihrer aktiven Jahre. Eine von 500 Personen ist davon betroffen. Es ist wichtig, es so fr\u00fch wie m\u00f6glich zu diagnostizieren und moderne Therapien einzusetzen, die seine Entwicklung aufhalten.<\/p>\n<p>Diese Krankheit hat bedeutende gesellschaftliche Auswirkungen : Patienten werden in eine neue Welt katapultiert, in der es um Kontaktlinsen, Brillen, teils empirische Therapien und die Gewissheit der fortschreitenden Verschlechterung ihrer Erkrankung geht und ihnen letztendlich die erschreckende Aussicht auf eine sp\u00e4tere Hornhauttransplantation geboten wird.<\/p>\n<p>Bereits im Jahr 2010 hat eine gro\u00dfe internationale wissenschaftliche Zeitschrift, \u201eCataract &amp; Refractive Surgery Today\u201c den weltweiten Stand der Technik bei der Behandlung von Keratokonus in einer Sonderbeilage \u00fcberpr\u00fcft:<\/p>\n<p><img loading=\"lazy\" decoding=\"async\" class=\"aligncenter size-full wp-image-644\" src=\"https:\/\/keratoconuscenter.eu\/wp-content\/uploads\/2018\/01\/Cataract-Refractive-Surgery-Today.jpg\" alt=\"DIAGNOSTIK UND THERAPIE\" width=\"500\" height=\"608\" srcset=\"https:\/\/keratoconuscenter.eu\/wp-content\/uploads\/2018\/01\/Cataract-Refractive-Surgery-Today.jpg 500w, https:\/\/keratoconuscenter.eu\/wp-content\/uploads\/2018\/01\/Cataract-Refractive-Surgery-Today-247x300.jpg 247w\" sizes=\"auto, (max-width: 500px) 100vw, 500px\" \/><\/p>\n<p>Wie sp\u00e4ter er\u00f6rtert, haben sich zwei Hauptans\u00e4tze f\u00fcr die Behandlung von Keratokonus etabliert: Instrastromale Ringe, Hornhautvernetzung und plastische Hornhautoperationen.<\/p>\n<h2>Diagnose von Keratokonus<\/h2>\n<p>Der Patient klagt in der Regel \u00fcber Sehst\u00f6rungen, die auf die unregelm\u00e4\u00dfig werdende Hornhautoberfl\u00e4che zur\u00fcckzuf\u00fchren sind. Es ist daher wichtig, die Hornhaut zu untersuchen; ihre Oberfl\u00e4che wird mit spezifischen Tests bewertet, die als H\u00f6henhornhauttopographie und Pachymetrie bezeichnet werden.<\/p>\n<p>H\u00f6henhornhauttopographie bewertet die Form und die Qualit\u00e4t der Hornhautoberfl\u00e4che (ein Computer fotografiert die Hornhaut und verarbeitet die erhaltenen Bilder durch die Erstellung einer Farbkarte, die die Variationen der Steigung und Kr\u00fcmmung der vorderen Oberfl\u00e4che und vor allem der hinteren Oberfl\u00e4che, dort, wo die Krankheit einsetzt, erfasst).<\/p>\n<p>Hornhautpachymetrie: Ein Test, der die Dicke der Hornhaut an jedem Punkt misst. Diese kann mit Kontakt (Ultraschall)-Methoden oder mit einer H\u00f6hentopographie, in einem ber\u00fchrungslosen Modus (ohne Ber\u00fchrung des Auges) durchgef\u00fchrt werden.<\/p>\n<h2>Behandlung von Keratokonus<\/h2>\n<p>Der fortschrittlichste Ansatz zur Behandlung von Keratokonus basiert auf modernen therapeutischen Technologien, die die Krankheit blockieren und stabilisieren, um den R\u00fcckgriff auf das Hornhauttransplantationsverfahren zu vermeiden.<\/p>\n<h3><span style=\"color: #003366;\">1 &#8211; Intrakorneale Prothetik &#8211; Keraring &#8211; Intrastromale Ringe<\/span><\/h3>\n<figure id=\"attachment_645\" aria-describedby=\"caption-attachment-645\" style=\"width: 265px\" class=\"wp-caption aligncenter\"><img loading=\"lazy\" decoding=\"async\" class=\"wp-image-645 size-full\" src=\"https:\/\/keratoconuscenter.eu\/wp-content\/uploads\/2018\/01\/Anelli-intrastromali.jpg\" alt=\"DIAGNOSTIK UND THERAPIE\" width=\"265\" height=\"148\" \/><figcaption id=\"caption-attachment-645\" class=\"wp-caption-text\">Dank der Verwendung dieser Ringe k\u00f6nnen Sie \u201edie Uhr\u201c der Hornhautentwicklung zur\u00fcckdrehen und sie im Laufe der Zeit stabilisieren.<\/figcaption><\/figure>\n<p>Die intrastromalen Ringe haben die Funktion, die Hornhaut zu gl\u00e4tten und dann den durch Keratokonus verursachten Hornhautverschlei\u00df umzukehren.<\/p>\n<h3><span style=\"color: #003366;\">2 &#8211; Einfache transepitheliale Hornhautvernetzung oder mit Iontophorese<\/span><\/h3>\n<p>Die chemisch-physikalische Behandlung, die als einfache transepitheliale Hornhautvernetzung oder Iontophorese bekannt ist, stimuliert die Erneuerung der Hornhautzellen (Keratinozyten), die beginnen, gesundes Kollagen zu produzieren.<\/p>\n<p>Die therapeutische Wirkung wird als eine zunehmende Dicke der Hornhaut ausgedr\u00fcckt, wobei die Ektasie und die Erhebung der R\u00fcckwand verringert werden.<\/p>\n<p><strong>Um mehr \u00fcber die Hornhautvernetzung zu erfahren, besuchen Sie bitte <a href=\"http:\/\/ilcheratocono.it\/2015\/12\/15\/iontoforesi-corneale\/\">diese Seite<\/a><\/strong><\/p>\n<p><img loading=\"lazy\" decoding=\"async\" class=\"aligncenter wp-image-353 size-full\" src=\"https:\/\/keratoconuscenter.eu\/wp-content\/uploads\/2015\/07\/keraring-title1.jpg\" alt=\"DIAGNOSTIK UND THERAPIE 3\" width=\"423\" height=\"159\" srcset=\"https:\/\/keratoconuscenter.eu\/wp-content\/uploads\/2015\/07\/keraring-title1.jpg 423w, https:\/\/keratoconuscenter.eu\/wp-content\/uploads\/2015\/07\/keraring-title1-300x113.jpg 300w\" sizes=\"auto, (max-width: 423px) 100vw, 423px\" \/><\/p>\n<h3><span style=\"color: #003366;\">3 &#8211; Plastische Hornhaut-Chirurgie<\/span><\/h3>\n<p>Plastische Hornhaut-Chirurgie ist ein neuer Begriff, der eine Gruppe von biomechanischen und chirurgischen Techniken umfasst. Sie verbessern die Anatomie der Hornhaut und erreichen einen Zustand, der ihrem nat\u00fcrlichen \u00e4hnlich ist &#8211; und das auf nicht-invasive, eher konservative Weise.<\/p>\n<p>Plastische Hornhaut-Chirurgie ist eine k\u00fcrzlich entwickelte konservative Hornhautbehandlung, gekennzeichnet durch: geringe Invasivit\u00e4t und geringes Risiko, schnelle Genesung des Patienten und ohne weitere chirurgische oder diagnostische Verfahren im Anschluss.<\/p>\n<p>Siehe auch die <a href=\"\/videos\/\">Videos<\/a> zu Keratokonus im Zusammenhang mit medizinisch-chirurgischen Therapien.<\/p>\n","protected":false},"excerpt":{"rendered":"<p>Wie wir hier bereits gesehen haben, kann Keratokonus evtl. zu schweren Augensch\u00e4den f\u00fchren. Es ist erblich bedingt und betrifft in der Regeljunge Menschen auf dem H\u00f6hepunkt ihrer aktiven Jahre. Eine von 500 Personen ist davon betroffen. Es ist wichtig, es so fr\u00fch wie m\u00f6glich zu diagnostizieren und moderne Therapien einzusetzen, die seine Entwicklung aufhalten. Diese [&hellip;]<\/p>\n","protected":false},"author":2,"featured_media":805,"parent":0,"menu_order":0,"comment_status":"closed","ping_status":"closed","template":"","meta":{"_joinchat":[],"footnotes":""},"class_list":["post-504","page","type-page","status-publish","has-post-thumbnail","hentry"],"_links":{"self":[{"href":"https:\/\/keratoconuscenter.eu\/de\/wp-json\/wp\/v2\/pages\/504","targetHints":{"allow":["GET"]}}],"collection":[{"href":"https:\/\/keratoconuscenter.eu\/de\/wp-json\/wp\/v2\/pages"}],"about":[{"href":"https:\/\/keratoconuscenter.eu\/de\/wp-json\/wp\/v2\/types\/page"}],"author":[{"embeddable":true,"href":"https:\/\/keratoconuscenter.eu\/de\/wp-json\/wp\/v2\/users\/2"}],"replies":[{"embeddable":true,"href":"https:\/\/keratoconuscenter.eu\/de\/wp-json\/wp\/v2\/comments?post=504"}],"version-history":[{"count":0,"href":"https:\/\/keratoconuscenter.eu\/de\/wp-json\/wp\/v2\/pages\/504\/revisions"}],"wp:featuredmedia":[{"embeddable":true,"href":"https:\/\/keratoconuscenter.eu\/de\/wp-json\/wp\/v2\/media\/805"}],"wp:attachment":[{"href":"https:\/\/keratoconuscenter.eu\/de\/wp-json\/wp\/v2\/media?parent=504"}],"curies":[{"name":"wp","href":"https:\/\/api.w.org\/{rel}","templated":true}]}}