{"id":509,"date":"2017-10-03T17:53:14","date_gmt":"2017-10-03T15:53:14","guid":{"rendered":"https:\/\/keratoconuscenter.eu\/?page_id=509"},"modified":"2024-06-17T04:25:06","modified_gmt":"2024-06-17T02:25:06","slug":"keratokonus-behandlung","status":"publish","type":"page","link":"https:\/\/keratoconuscenter.eu\/de\/keratokonus-behandlung\/","title":{"rendered":"KONTAKTE"},"content":{"rendered":"<p>Keratokonus ist eine degenerative Erkrankung der Hornhaut. <strong>Aber sie kann behandelt werden!<\/strong><\/p>\n<p>In den meisten F\u00e4llen kann diese potentiell schwere Entwicklungskrankheit in eine <strong>kleinere und stabile Augenst\u00f6rung<\/strong> verwandelt werden.<\/p>\n<p><strong>Ohne Kontaktlinsen oder Transplantationen.<\/strong><\/p>\n<p>Auch k\u00f6nnen, wenn Keratokonus fr\u00fchzeitig diagnostiziert wird, viele Probleme im sp\u00e4teren Leben verhindert werden! Schicken Sie uns eine Nachricht, die Ihr Problem, Alter etc. beschreibt<\/p>\n<p><strong>Dieser Service ist kostenlos: <\/strong>F\u00fcgen Sie Ihre Untersuchungen, Ihre<strong> Hornhauttopographie bei, so dass wir die beste Therapie f\u00fcr Sie empfehlen k\u00f6nnen.<\/strong><\/p>\n<p><strong>Sie erhalten eine Antwort vom Augenarzt Dr. Alberto Bellone<\/strong><\/p>\n<p>Unsere Zentren befinden sich in Italien, in <strong>Mailand<\/strong> und <strong>Turin<\/strong><\/p>\n<p class=\"wpcf7-contact-form-not-found\"><strong>Fehler:<\/strong> Kontaktformular wurde nicht gefunden.<\/p>\n","protected":false},"excerpt":{"rendered":"<p>Keratokonus ist eine degenerative Erkrankung der Hornhaut. Aber sie kann behandelt werden! In den meisten F\u00e4llen kann diese potentiell schwere Entwicklungskrankheit in eine kleinere und stabile Augenst\u00f6rung verwandelt werden. Ohne Kontaktlinsen oder Transplantationen. Auch k\u00f6nnen, wenn Keratokonus fr\u00fchzeitig diagnostiziert wird, viele Probleme im sp\u00e4teren Leben verhindert werden! Schicken Sie uns eine Nachricht, die Ihr Problem, [&hellip;]<\/p>\n","protected":false},"author":2,"featured_media":0,"parent":0,"menu_order":0,"comment_status":"closed","ping_status":"closed","template":"","meta":{"_joinchat":[],"footnotes":""},"class_list":["post-509","page","type-page","status-publish","hentry"],"_links":{"self":[{"href":"https:\/\/keratoconuscenter.eu\/de\/wp-json\/wp\/v2\/pages\/509","targetHints":{"allow":["GET"]}}],"collection":[{"href":"https:\/\/keratoconuscenter.eu\/de\/wp-json\/wp\/v2\/pages"}],"about":[{"href":"https:\/\/keratoconuscenter.eu\/de\/wp-json\/wp\/v2\/types\/page"}],"author":[{"embeddable":true,"href":"https:\/\/keratoconuscenter.eu\/de\/wp-json\/wp\/v2\/users\/2"}],"replies":[{"embeddable":true,"href":"https:\/\/keratoconuscenter.eu\/de\/wp-json\/wp\/v2\/comments?post=509"}],"version-history":[{"count":5,"href":"https:\/\/keratoconuscenter.eu\/de\/wp-json\/wp\/v2\/pages\/509\/revisions"}],"predecessor-version":[{"id":12750,"href":"https:\/\/keratoconuscenter.eu\/de\/wp-json\/wp\/v2\/pages\/509\/revisions\/12750"}],"wp:attachment":[{"href":"https:\/\/keratoconuscenter.eu\/de\/wp-json\/wp\/v2\/media?parent=509"}],"curies":[{"name":"wp","href":"https:\/\/api.w.org\/{rel}","templated":true}]}}