{"id":511,"date":"2017-10-03T17:52:38","date_gmt":"2017-10-03T15:52:38","guid":{"rendered":"https:\/\/keratoconuscenter.eu\/?page_id=511"},"modified":"2019-03-27T20:54:33","modified_gmt":"2019-03-27T19:54:33","slug":"faq","status":"publish","type":"page","link":"https:\/\/keratoconuscenter.eu\/de\/faq\/","title":{"rendered":"FAQ"},"content":{"rendered":"<p><strong><em>Kann ich durch Keratokonus erblinden? <\/em><\/strong><br \/>\nKeratokonus f\u00fchrt im Allgemeinen nicht zu v\u00f6lliger Erblindung. Diese Krankheit kann die Sicht bis auf ein Niveau verschlechtern, wo es sehr schwierig wird, ein normales Leben zu f\u00fchren.<\/p>\n<p>Wenn die Krankheit fortschreitet, k\u00f6nnen Situationen wie Hornhaut-Hydrops auftreten (akuter Keratokonus) oder Unvertr\u00e4glichkeit gegen\u00fcber Linsen, die zur Hornhauttransplantation f\u00fchren k\u00f6nnen.<\/p>\n<p><em><strong>K\u00f6nnen Keratokonus-Patienten Fahrzeuge fahren? <\/strong><\/em><br \/>\nSolange der Autofahrer die Anforderungen der geltenden Gesetzgebung einhalten kann, bestehen keine Hindernisse f\u00fcr das Fahren.<\/p>\n<p><em><strong>Kann die fr\u00fchzeitige Diagnose von Keratokonus die Progression der Krankheit ver\u00e4ndern? <\/strong><\/em><br \/>\nJa, sicher. Eine fr\u00fchzeitige Diagnose bedeutet, dass die Therapie schnell erfolgen kann, wodurch die Sch\u00e4digung des Auges minimiert wird. In diesen F\u00e4llen sollte die Hornhautvernetzung analysiert werden, um die Bedingungen zu stabilisieren und weitere Sch\u00e4den zu vermeiden.<\/p>\n<p><em><strong>Ist es wahr, dass eine Hornhauttransplantation den Keratokonus dauerhaft l\u00f6st? <\/strong><\/em><br \/>\nDie Hornhauttransplantation ist kein Ziel, sondern eine negative Konsequenz, die wirIMMER versuchen m\u00fcssen, zu vermeiden.<\/p>\n","protected":false},"excerpt":{"rendered":"<p>Kann ich durch Keratokonus erblinden? Keratokonus f\u00fchrt im Allgemeinen nicht zu v\u00f6lliger Erblindung. Diese Krankheit kann die Sicht bis auf ein Niveau verschlechtern, wo es sehr schwierig wird, ein normales Leben zu f\u00fchren. Wenn die Krankheit fortschreitet, k\u00f6nnen Situationen wie Hornhaut-Hydrops auftreten (akuter Keratokonus) oder Unvertr\u00e4glichkeit gegen\u00fcber Linsen, die zur Hornhauttransplantation f\u00fchren k\u00f6nnen. K\u00f6nnen Keratokonus-Patienten [&hellip;]<\/p>\n","protected":false},"author":2,"featured_media":0,"parent":0,"menu_order":0,"comment_status":"closed","ping_status":"closed","template":"","meta":{"_joinchat":[],"footnotes":""},"class_list":["post-511","page","type-page","status-publish","hentry"],"_links":{"self":[{"href":"https:\/\/keratoconuscenter.eu\/de\/wp-json\/wp\/v2\/pages\/511","targetHints":{"allow":["GET"]}}],"collection":[{"href":"https:\/\/keratoconuscenter.eu\/de\/wp-json\/wp\/v2\/pages"}],"about":[{"href":"https:\/\/keratoconuscenter.eu\/de\/wp-json\/wp\/v2\/types\/page"}],"author":[{"embeddable":true,"href":"https:\/\/keratoconuscenter.eu\/de\/wp-json\/wp\/v2\/users\/2"}],"replies":[{"embeddable":true,"href":"https:\/\/keratoconuscenter.eu\/de\/wp-json\/wp\/v2\/comments?post=511"}],"version-history":[{"count":0,"href":"https:\/\/keratoconuscenter.eu\/de\/wp-json\/wp\/v2\/pages\/511\/revisions"}],"wp:attachment":[{"href":"https:\/\/keratoconuscenter.eu\/de\/wp-json\/wp\/v2\/media?parent=511"}],"curies":[{"name":"wp","href":"https:\/\/api.w.org\/{rel}","templated":true}]}}